{"id":55,"date":"2025-09-14T06:59:59","date_gmt":"2025-09-14T05:59:59","guid":{"rendered":"https:\/\/ptasiapaczka.pl\/?page_id=55"},"modified":"2025-11-26T22:12:40","modified_gmt":"2025-11-26T22:12:40","slug":"seria","status":"publish","type":"page","link":"https:\/\/ptasiapaczka.pl\/?page_id=55","title":{"rendered":"Seria"},"content":{"rendered":"\n<p class=\"has-larger-font-size\"><strong><mark style=\"background-color:rgba(0, 0, 0, 0)\" class=\"has-inline-color has-green-color\">Sk\u0105d pomys\u0142 na seri\u0119 ksi\u0105\u017ceczek &#8222;Ptasia Paczka&#8221;?<\/mark><\/strong><\/p>\n\n\n\n<p>Zawsze lubi\u0142am ptaki i zawsze mia\u0142am dla nich wiele szacunku.<br><\/p>\n\n\n\n<p>Kiedy by\u0142am ma\u0142\u0105 dziewczynk\u0105, ka\u017cdej zimy zawieszali\u015bmy z dziadkiem s\u0142onink\u0119 dla sikorek i nape\u0142niali\u015bmy ziarnem w\u0142asnor\u0119cznie wykonany karmnik. Mam tez wspomnienie o ma\u0142ych, \u017c\u00f3\u0142ciutkich kurczaczkach, kt\u00f3re zaraz po wykluciu dziadek pozwala\u0142 mi przenosi\u0107 w d\u0142oniach do pude\u0142ka pod kuchennym sto\u0142em. Sta\u0142a tam lampa z wielk\u0105 \u017car\u00f3wk\u0105, pod kt\u00f3r\u0105 maluchy grza\u0142y si\u0119 jak pod kwok\u0105. <\/p>\n\n\n\n<p>Dzisiaj tak\u017ce karmi\u0119 ptaki. Na drzewach w moim ogr\u00f3dku wisz\u0105 budki, w kt\u00f3rych co roku wyl\u0119gaj\u0105 si\u0119 m\u0142ode sikorki i szpaki. Do oczka wodnego, w upalne dni przychodz\u0105 go\u0142\u0119bie, a u s\u0105siad\u00f3w na wielkiej so\u015bnie nocami siaduje sowa. Mieszka te\u017c ze mn\u0105 ma\u0142a dziewczynka. Opowiadam jej czasem r\u00f3\u017cne historie. Chcia\u0142abym, \u017ceby zawsze dostrzega\u0142a wok\u00f3\u0142 siebie dzielne ptaki.<\/p>\n\n\n\n<p>St\u0105d w\u0142a\u015bnie wzi\u0119\u0142a si\u0119 Ptasia paczka.<\/p>\n\n\n\n<p><\/p>\n\n\n\n<p><\/p>\n\n\n\n<p class=\"has-larger-font-size\"><strong><mark style=\"background-color:rgba(0, 0, 0, 0)\" class=\"has-inline-color has-green-color\">Do tej pory w serii ukaza\u0142y si\u0119:<\/mark><\/strong><\/p>\n\n\n\n<p><\/p>\n\n\n\n<div class=\"wp-block-columns is-layout-flex wp-container-core-columns-is-layout-9d6595d7 wp-block-columns-is-layout-flex\">\n<div class=\"wp-block-column is-layout-flow wp-block-column-is-layout-flow\">\n<figure class=\"wp-block-image size-full\"><img loading=\"lazy\" decoding=\"async\" width=\"510\" height=\"530\" src=\"https:\/\/ptasiapaczka.pl\/wp-content\/uploads\/2025\/10\/ptasia_paczka_cz1.png\" alt=\"\" class=\"wp-image-123\" srcset=\"https:\/\/ptasiapaczka.pl\/wp-content\/uploads\/2025\/10\/ptasia_paczka_cz1.png 510w, https:\/\/ptasiapaczka.pl\/wp-content\/uploads\/2025\/10\/ptasia_paczka_cz1-289x300.png 289w\" sizes=\"auto, (max-width: 510px) 100vw, 510px\" \/><\/figure>\n\n\n\n<p class=\"has-text-align-center has-larger-font-size\"><strong><mark style=\"background-color:rgba(0, 0, 0, 0)\" class=\"has-inline-color has-green-color\">Cz\u0119\u015b\u0107 1<\/mark><\/strong><\/p>\n\n\n\n<p class=\"has-regular-font-size\"><\/p>\n\n\n\n<p>Wszystko zaczyna si\u0119 pewnego poranka, gdy okazuje si\u0119, \u017ce zagin\u0119\u0142o szyde\u0142ko pewnej babci, przez co nie b\u0119dzie ona mog\u0142a dotrzyma\u0107 obietnicy danej wnuczce. <\/p>\n\n\n\n<p>Ptaki postanawiaj\u0105 wyja\u015bni\u0107 t\u0119 tajemnicz\u0105 spraw\u0119.<\/p>\n\n\n\n<p><a href=\"https:\/\/ptasiapaczka.pl\/?p=1\">wi\u0119cej&#8230;<\/a><\/p>\n\n\n\n<p><\/p>\n\n\n\n<div class=\"wp-block-buttons is-content-justification-left is-layout-flex wp-container-core-buttons-is-layout-fdcfc74e wp-block-buttons-is-layout-flex\">\n<div class=\"wp-block-button is-style-fill\"><a class=\"wp-block-button__link has-text-align-center wp-element-button\" href=\"https:\/\/www.empik.com\/ptasia-paczka-tajemnica-zagubionego-szydelka-laszczka-anna,p1591767240,ebooki-i-mp3-p\">Kup e-book<\/a><\/div>\n<\/div>\n<\/div>\n\n\n\n<div class=\"wp-block-column is-layout-flow wp-block-column-is-layout-flow\">\n<figure class=\"wp-block-image size-full\"><img loading=\"lazy\" decoding=\"async\" width=\"510\" height=\"530\" src=\"https:\/\/ptasiapaczka.pl\/wp-content\/uploads\/2025\/10\/ptasia_paczka_cz2.png\" alt=\"\" class=\"wp-image-125\" srcset=\"https:\/\/ptasiapaczka.pl\/wp-content\/uploads\/2025\/10\/ptasia_paczka_cz2.png 510w, https:\/\/ptasiapaczka.pl\/wp-content\/uploads\/2025\/10\/ptasia_paczka_cz2-289x300.png 289w\" sizes=\"auto, (max-width: 510px) 100vw, 510px\" \/><\/figure>\n\n\n\n<p class=\"has-text-align-center has-larger-font-size\"><strong><mark style=\"background-color:rgba(0, 0, 0, 0)\" class=\"has-inline-color has-green-color\">Cz\u0119\u015b\u0107 2<\/mark><\/strong><\/p>\n\n\n\n<p class=\"has-regular-font-size\"><\/p>\n\n\n\n<p>Pewnego wieczoru Sowa Helena, pij\u0105c \u201epowieczorn\u0105\u201d herbatk\u0119, dowiaduje si\u0119, \u017ce w znajduj\u0105cej si\u0119 pod zamkowym wzg\u00f3rzem jaskini, zwanej od dawnego lokatora Smocz\u0105 Jam\u0105, zamieszka\u0142o bardzo straszne<br>straszyd\u0142o.<\/p>\n\n\n\n<p><a href=\"https:\/\/ptasiapaczka.pl\/?p=32\">wi\u0119cej&#8230;<\/a><\/p>\n\n\n\n<p><\/p>\n\n\n\n<div class=\"wp-block-buttons is-layout-flex wp-block-buttons-is-layout-flex\">\n<div class=\"wp-block-button\"><a class=\"wp-block-button__link wp-element-button\" href=\"https:\/\/www.empik.com\/ptasia-paczka-i-straszne-straszydlo-laszczka-anna,p1621498326,ebooki-i-mp3-p\">Kup e-book<\/a><\/div>\n<\/div>\n<\/div>\n\n\n\n<div class=\"wp-block-column is-layout-flow wp-block-column-is-layout-flow\">\n<figure class=\"wp-block-image size-full\"><img loading=\"lazy\" decoding=\"async\" width=\"510\" height=\"530\" src=\"https:\/\/ptasiapaczka.pl\/wp-content\/uploads\/2025\/10\/ptasia_paczka_cz3.png\" alt=\"\" class=\"wp-image-126\" srcset=\"https:\/\/ptasiapaczka.pl\/wp-content\/uploads\/2025\/10\/ptasia_paczka_cz3.png 510w, https:\/\/ptasiapaczka.pl\/wp-content\/uploads\/2025\/10\/ptasia_paczka_cz3-289x300.png 289w\" sizes=\"auto, (max-width: 510px) 100vw, 510px\" \/><\/figure>\n\n\n\n<p class=\"has-text-align-center has-larger-font-size\"><strong><mark style=\"background-color:rgba(0, 0, 0, 0)\" class=\"has-inline-color has-green-color\">Cz\u0119\u015b\u0107 3<\/mark><\/strong><\/p>\n\n\n\n<p class=\"has-regular-font-size\"><\/p>\n\n\n\n<p>Pewien ma\u0142y ch\u0142opczyk zagubi\u0142 w jednym z krakowskich park\u00f3w ukochanego misia. Park jest wielki, mi\u015b malutki, a przed naszymi bohaterami staje karko\u0142omne zadanie odnalezienia jednego w drugim. Czy to si\u0119 uda?<\/p>\n\n\n\n<p><a href=\"https:\/\/ptasiapaczka.pl\/?p=35\">wi\u0119cej&#8230;<\/a><\/p>\n\n\n\n<p><\/p>\n\n\n\n<div class=\"wp-block-buttons is-layout-flex wp-block-buttons-is-layout-flex\">\n<div class=\"wp-block-button\"><a class=\"wp-block-button__link wp-element-button\" href=\"https:\/\/www.empik.com\/ptsia-paczla-i-sprwa-zaginionego-misia-laszczka-anna,p1674897125,ebooki-i-mp3-p\">Kup e-book<\/a><\/div>\n<\/div>\n<\/div>\n<\/div>\n\n\n\n<div class=\"wp-block-columns is-layout-flex wp-container-core-columns-is-layout-9d6595d7 wp-block-columns-is-layout-flex\">\n<div class=\"wp-block-column is-layout-flow wp-block-column-is-layout-flow\">\n<figure class=\"wp-block-image size-full\"><img loading=\"lazy\" decoding=\"async\" width=\"465\" height=\"462\" src=\"https:\/\/ptasiapaczka.pl\/wp-content\/uploads\/2025\/10\/okladka_cz_4.png\" alt=\"\" class=\"wp-image-335\" srcset=\"https:\/\/ptasiapaczka.pl\/wp-content\/uploads\/2025\/10\/okladka_cz_4.png 465w, https:\/\/ptasiapaczka.pl\/wp-content\/uploads\/2025\/10\/okladka_cz_4-300x298.png 300w, https:\/\/ptasiapaczka.pl\/wp-content\/uploads\/2025\/10\/okladka_cz_4-150x150.png 150w\" sizes=\"auto, (max-width: 465px) 100vw, 465px\" \/><\/figure>\n<\/div>\n\n\n\n<div class=\"wp-block-column is-layout-flow wp-block-column-is-layout-flow\"><\/div>\n\n\n\n<div class=\"wp-block-column is-layout-flow wp-block-column-is-layout-flow\"><\/div>\n<\/div>\n\n\n\n<div class=\"wp-block-columns is-layout-flex wp-container-core-columns-is-layout-9d6595d7 wp-block-columns-is-layout-flex\">\n<div class=\"wp-block-column is-layout-flow wp-block-column-is-layout-flow\">\n<p class=\"has-larger-font-size\"><strong><mark style=\"background-color:rgba(0, 0, 0, 0)\" class=\"has-inline-color has-green-color\">Cz\u0119\u015b\u0107 4 <\/mark><\/strong><\/p>\n<\/div>\n\n\n\n<div class=\"wp-block-column is-layout-flow wp-block-column-is-layout-flow\"><\/div>\n\n\n\n<div class=\"wp-block-column is-layout-flow wp-block-column-is-layout-flow\"><\/div>\n<\/div>\n\n\n\n<div class=\"wp-block-columns is-layout-flex wp-container-core-columns-is-layout-9d6595d7 wp-block-columns-is-layout-flex\">\n<div class=\"wp-block-column is-layout-flow wp-block-column-is-layout-flow\">\n<p>Ptasia paczka i marzenie ba\u017canta B\u0142a\u017ceja.<\/p>\n\n\n\n<p>Dzielni detektywi podejm\u0105 si\u0119 tym razem sprawy zwi\u0105zanej z innym ptakiem. Nie b\u0119dzie to zwyk\u0142e dochodzenie, a zadania kt\u00f3re stan\u0105 przed go\u0142\u0119biem Gerwazym, sikor\u0105 Barbar\u0105, kosem Kazimierzem i sow\u0105 Helen\u0105, z pocz\u0105tku b\u0119d\u0105 si\u0119 wydawa\u0107 ca\u0142kowicie niewykonalne.<\/p>\n\n\n\n<p><a href=\"https:\/\/ptasiapaczka.pl\/?p=268\">wi\u0119cej&#8230;<\/a><\/p>\n\n\n\n<div class=\"wp-block-buttons is-layout-flex wp-block-buttons-is-layout-flex\">\n<div class=\"wp-block-button\"><a class=\"wp-block-button__link wp-element-button\" href=\"https:\/\/www.empik.com\/ptasia-paczka-i-marzenie-bazanta-blazeja-laszczka-anna,p1688667053,ebooki-i-mp3-p\">Kup e-book<\/a><\/div>\n<\/div>\n<\/div>\n\n\n\n<div class=\"wp-block-column is-layout-flow wp-block-column-is-layout-flow\"><\/div>\n\n\n\n<div class=\"wp-block-column is-layout-flow wp-block-column-is-layout-flow\"><\/div>\n<\/div>\n\n\n\n<p><\/p>\n\n\n\n<p><\/p>\n","protected":false},"excerpt":{"rendered":"<p>Sk\u0105d pomys\u0142 na seri\u0119 ksi\u0105\u017ceczek &#8222;Ptasia Paczka&#8221;? Zawsze lubi\u0142am ptaki i zawsze mia\u0142am dla nich wiele szacunku. Kiedy by\u0142am ma\u0142\u0105 dziewczynk\u0105, ka\u017cdej zimy zawieszali\u015bmy z dziadkiem s\u0142onink\u0119 dla sikorek i nape\u0142niali\u015bmy ziarnem w\u0142asnor\u0119cznie wykonany karmnik. Mam tez wspomnienie o ma\u0142ych, \u017c\u00f3\u0142ciutkich kurczaczkach, kt\u00f3re zaraz po wykluciu dziadek pozwala\u0142 mi przenosi\u0107 [&hellip;]<\/p>\n","protected":false},"author":1,"featured_media":62,"parent":0,"menu_order":0,"comment_status":"closed","ping_status":"closed","template":"","meta":{"footnotes":""},"class_list":["post-55","page","type-page","status-publish","has-post-thumbnail","hentry"],"_links":{"self":[{"href":"https:\/\/ptasiapaczka.pl\/index.php?rest_route=\/wp\/v2\/pages\/55","targetHints":{"allow":["GET"]}}],"collection":[{"href":"https:\/\/ptasiapaczka.pl\/index.php?rest_route=\/wp\/v2\/pages"}],"about":[{"href":"https:\/\/ptasiapaczka.pl\/index.php?rest_route=\/wp\/v2\/types\/page"}],"author":[{"embeddable":true,"href":"https:\/\/ptasiapaczka.pl\/index.php?rest_route=\/wp\/v2\/users\/1"}],"replies":[{"embeddable":true,"href":"https:\/\/ptasiapaczka.pl\/index.php?rest_route=%2Fwp%2Fv2%2Fcomments&post=55"}],"version-history":[{"count":35,"href":"https:\/\/ptasiapaczka.pl\/index.php?rest_route=\/wp\/v2\/pages\/55\/revisions"}],"predecessor-version":[{"id":343,"href":"https:\/\/ptasiapaczka.pl\/index.php?rest_route=\/wp\/v2\/pages\/55\/revisions\/343"}],"wp:featuredmedia":[{"embeddable":true,"href":"https:\/\/ptasiapaczka.pl\/index.php?rest_route=\/wp\/v2\/media\/62"}],"wp:attachment":[{"href":"https:\/\/ptasiapaczka.pl\/index.php?rest_route=%2Fwp%2Fv2%2Fmedia&parent=55"}],"curies":[{"name":"wp","href":"https:\/\/api.w.org\/{rel}","templated":true}]}}