{"id":2,"date":"2025-09-13T23:32:39","date_gmt":"2025-09-13T22:32:39","guid":{"rendered":"https:\/\/ptasiapaczka.pl\/?page_id=2"},"modified":"2025-10-23T20:46:23","modified_gmt":"2025-10-23T19:46:23","slug":"sample-page","status":"publish","type":"page","link":"https:\/\/ptasiapaczka.pl\/?page_id=2","title":{"rendered":"O autorce"},"content":{"rendered":"\n<div class=\"wp-block-columns is-layout-flex wp-container-core-columns-is-layout-9d6595d7 wp-block-columns-is-layout-flex\">\n<div class=\"wp-block-column is-layout-flow wp-block-column-is-layout-flow\" style=\"flex-basis:33.33%\">\n<figure class=\"wp-block-image size-full\"><img loading=\"lazy\" decoding=\"async\" width=\"500\" height=\"500\" src=\"https:\/\/ptasiapaczka.pl\/wp-content\/uploads\/2025\/10\/ania01.png\" alt=\"\" class=\"wp-image-110\" srcset=\"https:\/\/ptasiapaczka.pl\/wp-content\/uploads\/2025\/10\/ania01.png 500w, https:\/\/ptasiapaczka.pl\/wp-content\/uploads\/2025\/10\/ania01-300x300.png 300w, https:\/\/ptasiapaczka.pl\/wp-content\/uploads\/2025\/10\/ania01-150x150.png 150w\" sizes=\"auto, (max-width: 500px) 100vw, 500px\" \/><\/figure>\n<\/div>\n\n\n\n<div class=\"wp-block-column is-layout-flow wp-block-column-is-layout-flow\" style=\"flex-basis:66.66%\">\n<p class=\"has-larger-font-size\"><strong><mark style=\"background-color:rgba(0, 0, 0, 0)\" class=\"has-inline-color has-green-color\">O mnie<\/mark><\/strong>.<\/p>\n\n\n\n<p>Odk\u0105d pami\u0119tam, zawsze co\u015b pisa\u0142am. Wiersze do szkolnej gazetki, historyjki do szuflady w biurku, kt\u00f3rego ju\u017c dzi\u015b nie ma. Gdy doros\u0142am, zacz\u0119\u0142am pisa\u0107 zawodowo. <\/p>\n\n\n\n<p>Zacz\u0119\u0142o si\u0119 od studenckiego radia, gdzie z kilkoma ca\u0142kiem znanymi dzi\u015b osobami robili\u015bmy radiowy kabaret pod idiotycznym tytu\u0142em Trzy metry rury, czyli cud na pustyni. Potem by\u0142y gazety, a\u017c wreszcie przez przypadek trafi\u0142am na Iren\u0119 Wollen, moj\u0105 pani\u0105 re\u017cyser, kt\u00f3ra nauczy\u0142a mnie wszystkiego, z kt\u00f3r\u0105 jako scenarzysta zrobi\u0142am sw\u00f3j pierwszy film. Nosi\u0142 tytu\u0142 Zostawi\u0107 sw\u00f3j \u015blad. Tak trafi\u0142am do telewizji, gdzie przez lata pisa\u0142am scenariusze, komentarze, konspekty\u2026 . <\/p>\n\n\n\n<p>Teraz po\u015bwi\u0119cam te\u017c czas Ptasiej paczce, bo odk\u0105d wymy\u015bli\u0142am ptasich detektyw\u00f3w, polubi\u0142am ich i chc\u0119, \u017ceby przytrafia\u0142y im si\u0119 kolejne przygody, kt\u00f3re mam nadziej\u0119 zainteresuj\u0105 i was.<\/p>\n\n\n\n<p><em>Anna Laszczka<\/em><\/p>\n<\/div>\n<\/div>\n\n\n\n<p><\/p>\n","protected":false},"excerpt":{"rendered":"<p>O mnie. Odk\u0105d pami\u0119tam, zawsze co\u015b pisa\u0142am. Wiersze do szkolnej gazetki, historyjki do szuflady w biurku, kt\u00f3rego ju\u017c dzi\u015b nie ma. Gdy doros\u0142am, zacz\u0119\u0142am pisa\u0107 zawodowo. Zacz\u0119\u0142o si\u0119 od studenckiego radia, gdzie z kilkoma ca\u0142kiem znanymi dzi\u015b osobami robili\u015bmy radiowy kabaret pod idiotycznym tytu\u0142em Trzy metry rury, czyli cud na [&hellip;]<\/p>\n","protected":false},"author":1,"featured_media":223,"parent":0,"menu_order":0,"comment_status":"closed","ping_status":"open","template":"","meta":{"footnotes":""},"class_list":["post-2","page","type-page","status-publish","has-post-thumbnail","hentry"],"_links":{"self":[{"href":"https:\/\/ptasiapaczka.pl\/index.php?rest_route=\/wp\/v2\/pages\/2","targetHints":{"allow":["GET"]}}],"collection":[{"href":"https:\/\/ptasiapaczka.pl\/index.php?rest_route=\/wp\/v2\/pages"}],"about":[{"href":"https:\/\/ptasiapaczka.pl\/index.php?rest_route=\/wp\/v2\/types\/page"}],"author":[{"embeddable":true,"href":"https:\/\/ptasiapaczka.pl\/index.php?rest_route=\/wp\/v2\/users\/1"}],"replies":[{"embeddable":true,"href":"https:\/\/ptasiapaczka.pl\/index.php?rest_route=%2Fwp%2Fv2%2Fcomments&post=2"}],"version-history":[{"count":7,"href":"https:\/\/ptasiapaczka.pl\/index.php?rest_route=\/wp\/v2\/pages\/2\/revisions"}],"predecessor-version":[{"id":315,"href":"https:\/\/ptasiapaczka.pl\/index.php?rest_route=\/wp\/v2\/pages\/2\/revisions\/315"}],"wp:featuredmedia":[{"embeddable":true,"href":"https:\/\/ptasiapaczka.pl\/index.php?rest_route=\/wp\/v2\/media\/223"}],"wp:attachment":[{"href":"https:\/\/ptasiapaczka.pl\/index.php?rest_route=%2Fwp%2Fv2%2Fmedia&parent=2"}],"curies":[{"name":"wp","href":"https:\/\/api.w.org\/{rel}","templated":true}]}}